{"id":2735,"date":"2015-10-25T07:58:31","date_gmt":"2015-10-25T07:58:31","guid":{"rendered":"https:\/\/khdoktisi09.ch\/web\/?page_id=2735"},"modified":"2022-02-24T08:57:48","modified_gmt":"2022-02-24T07:57:48","slug":"statuten","status":"publish","type":"page","link":"https:\/\/khdoktisi09.ch\/info\/statuten\/","title":{"rendered":"Statuten"},"content":{"rendered":"<h3><a name=\"_Toc399961117\"><\/a>1. Name, Ziel und Zweck<\/h3>\n<p><strong>Artikel 1.1<\/strong> Unter dem Namen &#8222;Kultur- Humanit\u00e4r Verein OKTISI\/09&#8220; besteht ein Verein nach Art. 60 ff. ZGB.<\/p>\n<p><strong>Artikel 1.2<\/strong> Der Verein setzt sich ein f\u00fcr die F\u00f6rderung der kulturellen, \u00f6kologischen, humanit\u00e4ren und zwischenmenschlichen Beziehungen.<\/p>\n<p><strong>Artikel 1.3<\/strong> Es besteht keine Gewinnabsicht und der Verein arbeitet nicht gewinnorientiert.<\/p>\n<h3><a name=\"_Toc399961121\"><\/a>2. Mitgliedschaft und Finanzierung<\/h3>\n<p><strong>Artikel 2.1<\/strong> Jede nat\u00fcrliche oder juristische Person, unabh\u00e4ngig von der Konfession und Nationalit\u00e4t, welche die Zielsetzungen des Vereins akzeptiert und unterst\u00fctzt kann Mitglied werden.<\/p>\n<p><strong>Artikel 2.2<\/strong> Der Eintritt kann jederzeit mit der Zahlung der Mitgliedschaft erfolgen. Die Mitgliedschaft ist g\u00fcltig f\u00fcr das Jahr, in dem sie bezahlt wurde, sofern nicht ausdr\u00fccklich angegeben wird f\u00fcr welches Jahr es ist.<\/p>\n<p><strong>Artikel 2.3<\/strong> Die H\u00f6he der Mitgliedschaft wird j\u00e4hrlich auf der Generalversammlung festgelegt.<\/p>\n<p><strong>Artikel 2.4<\/strong> F\u00fcr die Verbindlichkeiten des Vereins haftet ausschliesslich das Vereinsm\u00f6gen.<\/p>\n<p><strong>Artikel 2.5<\/strong> Die Mitgliedschaft ist abh\u00e4ngig von den bezahlteten Mitgliederbeitr\u00e4ge im laufenden Jahr.<\/p>\n<p><strong>Artikel 2.6<\/strong> Der Verein finanziert sich aus:<\/p>\n<ol>\n<li>Mitgliederbeitr\u00e4ge<\/li>\n<li>Freiwillige Beitr\u00e4ge, Geschenken, Sponsoren<\/li>\n<li>Einnahmen aus Veranstaltungen<\/li>\n<\/ol>\n<h3><a name=\"_Toc399961122\"><\/a>3. Organe<\/h3>\n<p><strong>Artikel 3.1<\/strong> Die Organe des Vereins sind:<\/p>\n<ol>\n<li>a) die Generalversammlung b) die Verwaltung c) der Vorstand<\/li>\n<\/ol>\n<h3><a name=\"_Toc399961123\"><\/a><a name=\"_Toc383466347\"><\/a>4. Generalversammlung, Durchf\u00fchrung und ihrer Zust\u00e4ndigkeiten<\/h3>\n<p><a name=\"_Toc399961124\"><\/a><a name=\"_Toc383466348\"><\/a><strong>Artikel <\/strong> <strong>4.1<\/strong> Die Generalversammlung haltet sich einmal j\u00e4hrlich. .<\/p>\n<p><a name=\"_Toc399961125\"><\/a><a name=\"_Toc383466349\"><\/a><strong>Artikel<\/strong> <strong>4.2<\/strong> Die Versammlung als oberstes Organ hat nachfolgende Gesch\u00e4fte zu erledigen:<\/p>\n<ol>\n<li><a name=\"_Toc399961126\"><\/a>a) Genehmigung des Jahresfinanzberichts<\/li>\n<li><a name=\"_Toc399961127\"><\/a>b) Wahl der Verwaltung<\/li>\n<li><a name=\"_Toc399961128\"><\/a>c) Festsetzung der Mitgliedsbeitr\u00e4ge<\/li>\n<li><a name=\"_Toc399961129\"><\/a>d) Beschlussfassung \u00fcber Antr\u00e4ge der Mitglieder<\/li>\n<li><a name=\"_Toc399961130\"><\/a>e) Statutenrevision<\/li>\n<li><a name=\"_Toc399961131\"><\/a>f) Aufl\u00f6sung des Vereins<\/li>\n<\/ol>\n<p><a name=\"_Toc399961132\"><\/a><a name=\"_Toc383466350\"><\/a><strong>Artikel<\/strong> <strong>4.3<\/strong> Durchf\u00fchrung einer ausserordentliche Generalversammlung:<\/p>\n<ol>\n<li><a name=\"_Toc399961133\"><\/a>a) Auf Begehren von mehr als die H\u00e4lfte der Mitglieder<\/li>\n<li><a name=\"_Toc399961134\"><\/a>b) Auf Beschluss der Verwaltung<\/li>\n<\/ol>\n<p><a name=\"_Toc399961135\"><\/a><a name=\"_Toc383466351\"><\/a><strong>Artikel<\/strong> <strong>4.4<\/strong> <a name=\"_Toc383466352\"><\/a>Die Mitglieder sind zur Generalversammlung mindestens 10 Tage vor ihrer Durchf\u00fchrung unter Angabe der Traktanden schriftlich einzuladen.<\/p>\n<p><a name=\"_Toc399961136\"><\/a><strong>Artikel<\/strong> <strong>4.5<\/strong> <a name=\"_Toc383466353\"><\/a>Antr\u00e4ge zuhanden der Generalversammlung (\u00c4nderung der Tagesordnung oder Spezialthemen f\u00fcr Diskussion) m\u00fcssen dem Vorstand mindestens 7 Tage vor der Durchf\u00fchrung der Generalversammlung schriftlich eingereicht werden.<\/p>\n<p><a name=\"_Toc399961137\"><\/a><strong>Artikel<\/strong> <strong>4.6<\/strong> <a name=\"_Toc383466354\"><\/a>An die Generalversammlung werden alle Mitglieder, welche die Mitgliedsbeitr\u00e4ge f\u00fcr das vergangene Jahr bezahlt haben eingeladen.<\/p>\n<p><a name=\"_Toc399961138\"><\/a><strong>Artikel<\/strong> <strong>4.7<\/strong> <a name=\"_Toc383466355\"><\/a>Jedes Mitglied des Vereins hat das Recht zu w\u00e4hlen und gew\u00e4hlt zu werden (einschliesslich auch die Mitglieder der Verwaltung, andere Organe und Ehrenmitglieder des Vereins).<\/p>\n<p><a name=\"_Toc399961139\"><\/a><strong>Artikel<\/strong> <strong>4.8<\/strong> Beschl\u00fcsse der Generalversammlung werden durch einfaches Mehr der anwesenden Mitglieder gefasst.<\/p>\n<p><a name=\"_Toc399961140\"><\/a><a name=\"_Toc383466356\"><\/a><strong>Artikel<\/strong> <strong>4.9<\/strong> Eine Statuten\u00e4nderung kann an einer ordentlichen oder ausserordentlichen Generalversammlung mit Zweidrittel-Mehrheit der anwesenden Mitglieder beschlossen werden. Antr\u00e4ge auf Statuten\u00e4nderung m\u00fcssen mit der Einladung zur Generalversammlung (mit der Tagesordnung) bekannt gegeben werden.<\/p>\n<h3>5. <a name=\"_Toc399961141\"><\/a>Verwaltung<\/h3>\n<p><a name=\"_Toc383466358\"><\/a><strong>Artikel <\/strong><strong>5.1<\/strong> <a name=\"_Toc383466359\"><\/a>Die Verwaltung besteht aus mindestens 5 Mitgliedern, der Pr\u00e4sident und mindestens vier weiteren gew\u00e4hlten Mitgliedern (Pr\u00e4sident, Vizepr\u00e4sident, Berater, Aktuar, Kassierer und Mitglieder).<\/p>\n<p><strong>Artikel <\/strong><strong>5.3<\/strong> <a name=\"_Toc383466360\"><\/a>Das Mandat der Mitglieder der Verwaltung ist drei Jahre g\u00fcltig. Es ist auch eine Wiederwahl m\u00f6glich.<\/p>\n<p><strong>Artikel <\/strong><strong>5.4<\/strong> <a name=\"_Toc383466361\"><\/a>Die Verwaltung f\u00fchrt alle Arbeitsaufgaben duch. Ausgenommen dennen, welche unter die Zust\u00e4ndigkeit der Generalversammlung sind.<\/p>\n<p><strong>Artikel <\/strong><strong>5.5<\/strong> <a name=\"_Toc383466362\"><\/a>Ein Mitglied der Verwaltung kann ausgeschlossen werden, und zwar mit einstimmigen Beschluss der anderen Mitglieder, und kann durch einen anderen der Vorstandsmitglieder ersetzt werden, und zwar auch mit einstimmigen Beschluss der Mitglieder des Vorstands.<\/p>\n<p><strong>Artikel <\/strong><strong>5.6<\/strong> <a name=\"_Toc383466363\"><\/a>Der Vorstand kann Arbeitsgruppen zusammensetzen. Sind die Leiter der Arbeitsgruppen nicht Vorstandsmitglieder, k\u00f6nnen diese auf Einladung der Verwalung an den Verwaltungssitzungen mit beratende Stimme teilnehmen.<\/p>\n<p><strong>Artikel <\/strong><strong>5.7<\/strong> Zeichnungsberechtigt an der Bankkonten sind zwei Personen: Der Kassier und ein Mitglied der Vewaltung, oder eine andere Person durch einen Beschluss an der Generalversammlung.<\/p>\n<h3><a name=\"_Toc399961142\"><\/a>6. Vorstand<\/h3>\n<p><a name=\"_Toc383466365\"><\/a><strong>Artikel <\/strong><strong>6<\/strong><strong>.1<\/strong> Der Vorstand besteht aus mindestens 7 Mitglieder.<\/p>\n<p><a name=\"_Toc383466366\"><\/a><strong>Artikel <\/strong><strong>6<\/strong><strong>.2<\/strong> <a name=\"_Toc383466367\"><\/a>Die Vorstandsmitglieder werden vom Vorstand auf Vorschlag der Verwaltung entsprechend dem Bedarf gew\u00e4hlt.<\/p>\n<p><a name=\"_Toc399961143\"><\/a><strong>Artikel<\/strong><strong> 6<\/strong><strong>.3<\/strong> Neben den anderen Mitglieder, die Mitglieder der Verwaltung sind auch Mitglieder des Vorstands.<\/p>\n<p><a name=\"_Toc383466368\"><\/a><strong>Artikel <\/strong><strong>6<\/strong><strong>.4<\/strong> <a name=\"_Toc383466369\"><\/a>Die Vorstandsmitglieder haben die Aufgabe aktiv zu sein, f\u00fcr das Wohl des Vereins zu arbeiten, und die zugewiesenen Aufgaben vom Vorstand durchzuf\u00fchren, in Arbeitsgruppen als auch einzeln, und je nach der psycho-physischen F\u00e4higkeiten.<\/p>\n<p><strong>Artikel <\/strong><strong>6<\/strong><strong>.5<\/strong> <a name=\"_Toc383466370\"><\/a>Die Vorstandsmitglieder haben das Recht die Entscheidungen der Verwaltung zu best\u00e4tigen oder abzulehnen, Ideen und Vorschl\u00e4ge f\u00fcr bessere L\u00f6sungen f\u00fcr die Aufgaben der Arbeitsgruppen, welche von der Verwaltung geformt sind, vorzuschlagen.<\/p>\n<p><strong>Artikel <\/strong><strong>6<\/strong><strong>.6<\/strong> <a name=\"_Toc383466371\"><\/a>Vorstandsbeschl\u00fcsse werden von der Mehrheit der anwesenden Mitglieder gefasst.<\/p>\n<p><strong>Artikel <\/strong><strong>6<\/strong><strong>.7<\/strong> Ein Vorstandsmitglied, der nicht aktiv ist und keine Interesse f\u00fcr die Durchf\u00fchrung der zugewiesenen Aufgaben vom Vorstand hat, kann aus dem Vorstand ausgeschlossen werden, und zwar auf Vorschlag der Verwaltung und mit vorherigen m\u00fcndlichen oder schriftlichen Verwarnung.<\/p>\n<p><a name=\"_Toc383466372\"><\/a><strong>Artikel <\/strong><strong>6<\/strong><strong>.8<\/strong> Ein Vorstandsmitglied, der eine Gruppe, Projekt oder Aktivit\u00e4t f\u00fchrt, kann in der Arbeit der Verwaltung mit Genehmigung des Vorstands mitmachen, wenn es um Themen geht, die im Zusammenhang mit dieser T\u00e4tigkeit sind.<\/p>\n<h3><a name=\"_Toc399961144\"><\/a>7. Zweigstellen der KHV OKTISI\/09<\/h3>\n<p><a name=\"_Toc383466374\"><\/a><strong>Artikel <\/strong><strong>7<\/strong><strong>.1<\/strong> <a name=\"_Toc383466375\"><\/a>Der Verein kann Zweigstellen auch in anderen Staaten nach der Entscheidung des Vorstands einrichten bzw. gr\u00fcnden.<\/p>\n<p><strong>Artikel <\/strong><strong>7<\/strong><strong>.2<\/strong> Alle gegr\u00fcndete Zweigstellen sind verpflichtet gem\u00e4ss den Statuten des KHV \u041eKTISI\/09 zu arbeiten.<\/p>\n<p><a name=\"_Toc383466376\"><\/a><strong>Artikel <\/strong><strong>7.3<\/strong> <a name=\"_Toc383466377\"><\/a>F\u00fcr jedes Projekt oder Entscheidung , muss der Vorstand des KHV \u041eKTISI \/09 kommuniziert werden.<\/p>\n<p><strong>Artikel <\/strong><strong>7<\/strong><strong>.4<\/strong> <a name=\"_Toc383466378\"><\/a>Die Veantwortung f\u00fcr jede nicht zul\u00e4ssige Entscheidung der Zweigstellen liegt bei der Verwaltung des KHV \u041eKTISI\/09. Die Entscheidung kann ge\u00e4ndert oder abgelehnt werden.<\/p>\n<p><strong>Artikel <\/strong><strong>7<\/strong><strong>.5<\/strong> Die H\u00f6he der Mitgliedschaft wird j\u00e4hrlich an der Generalversammlung von jeder Zweigstelle festgelegt.<\/p>\n<h3>8. <a name=\"_Toc399961145\"><\/a>Honorar oder Belohnung f\u00fcr die geleistete Arbeit der Organe des Vereins<\/h3>\n<p><a name=\"_Toc383466380\"><\/a><strong>Artikel <\/strong><strong>8<\/strong><strong>.1<\/strong> <a name=\"_Toc383466381\"><\/a>Alle Mitglieder des Vereins arbeiten ohne Honorar (Ehrenamtlich).<\/p>\n<p><strong>Artikel <\/strong><strong>8<\/strong><strong>.2<\/strong> <a name=\"_Toc383466382\"><\/a>Mitglieder der Organe des Vereins sind verpflichtet, f\u00fcr das Interesse des Vereins im Rahmen der psycho-physischen F\u00e4higkeiten zu arbeiten.<\/p>\n<p><strong>Artikel <\/strong><strong>8<\/strong><strong>.3<\/strong> Die Mitglieder welche die Anliegen der Vereins unterst\u00fctzen, die insbesondere den Vereinsgedanken f\u00f6rdern, konnen vom Vorstand am Ende des Jahres belohnt werden, und zwar: Ehrenmitglied, Danksagung, Gutschein und anderen bescheidenen M\u00f6glichkeiten der Belohnung .<\/p>\n<h3><a name=\"_Toc399961146\"><\/a>9. Aufl\u00f6sung des Vereins<\/h3>\n<p><a name=\"_Toc383466384\"><\/a><strong>Artikel <\/strong><strong>9<\/strong><strong>.1<\/strong> <a name=\"_Toc383466385\"><\/a>F\u00fcr eine Aufl\u00f6sung des Vereins ist eine Petition mit Unterschriften von mindestens vier F\u00fcnftel der aktuellen Mitglieder des Vereins n\u00f6tig.<\/p>\n<p><strong>Artikel <\/strong><strong>9<\/strong><strong>.2<\/strong> Im Falle der Aufl\u00f6sung des Vereins, entscheidet die Generalversammlung \u00fcber die Verm\u00f6gensverteilung und das Vorgehen.<\/p>\n<p><strong>Artikel 9.3<\/strong> Bei einer Aufl\u00f6sung des Vereins, werden die frei werdenden finanziellen Mittel<br \/>\nausschliesslich f\u00fcr gemeinn\u00fctzige Zwecke eingesetzt.<\/p>\n<h3>10. <a name=\"_Toc399961147\"><\/a>Verschiedenes<\/h3>\n<p><a name=\"_Toc383466387\"><\/a><strong>Artikel <\/strong><strong>10<\/strong><strong>.1<\/strong> <a name=\"_Toc383466388\"><\/a>Bei eine Statuten\u00e4nderung des KHV \u041eKTISI \/09 m\u00fcssen alle Mitglieder informiert werden. Bei Uneinigkeit, haben alle Mitglieder das Recht innerhalb von 10 Tagen an den Pr\u00e4sident des KHV \u041eKTISI \/09 sich schriftlich zu wenden.<\/p>\n<p><strong>Artikel <\/strong><strong>10<\/strong><strong>.2<\/strong> Die gesamte Verwaltungsadministration ist in einem System des Vereins.<\/p>\n<p><a name=\"_Toc383466389\"><\/a><strong>Artikel <\/strong><strong>10<\/strong><strong>.3<\/strong> <a name=\"_Toc383466390\"><\/a>Der Inhalt aller Publikationen darf nicht in religi\u00f6se oder politische Form sein.<\/p>\n<p><strong>Artikel <\/strong><strong>10<\/strong><strong>.<\/strong><strong>4<\/strong> Alle Texte werden nach der offiziellen Alphabet der Sprache geschrieben.<\/p>\n<p>Die Revision wurde durchgef\u00fchrt am: Goldach, den 25.05.2014<\/p>\n<p>Verwaltung der KHV \u041eKTISI \/09 Pr\u00e4sident: Emir Dervisoski<\/p>\n","protected":false},"excerpt":{"rendered":"<p>1. Name, Ziel und Zweck Artikel 1.1 Unter dem Namen &#8222;Kultur- Humanit\u00e4r Verein OKTISI\/09&#8220; besteht ein Verein nach Art. 60 ff. ZGB. Artikel 1.2 Der Verein<span class=\"excerpt-hellip\"> [\u2026]<\/span><\/p>\n","protected":false},"author":2,"featured_media":0,"parent":0,"menu_order":0,"comment_status":"closed","ping_status":"closed","template":"","meta":{"footnotes":""},"class_list":["post-2735","page","type-page","status-publish","hentry"],"_links":{"self":[{"href":"https:\/\/khdoktisi09.ch\/info\/wp-json\/wp\/v2\/pages\/2735"}],"collection":[{"href":"https:\/\/khdoktisi09.ch\/info\/wp-json\/wp\/v2\/pages"}],"about":[{"href":"https:\/\/khdoktisi09.ch\/info\/wp-json\/wp\/v2\/types\/page"}],"author":[{"embeddable":true,"href":"https:\/\/khdoktisi09.ch\/info\/wp-json\/wp\/v2\/users\/2"}],"replies":[{"embeddable":true,"href":"https:\/\/khdoktisi09.ch\/info\/wp-json\/wp\/v2\/comments?post=2735"}],"version-history":[{"count":5,"href":"https:\/\/khdoktisi09.ch\/info\/wp-json\/wp\/v2\/pages\/2735\/revisions"}],"predecessor-version":[{"id":3097,"href":"https:\/\/khdoktisi09.ch\/info\/wp-json\/wp\/v2\/pages\/2735\/revisions\/3097"}],"wp:attachment":[{"href":"https:\/\/khdoktisi09.ch\/info\/wp-json\/wp\/v2\/media?parent=2735"}],"curies":[{"name":"wp","href":"https:\/\/api.w.org\/{rel}","templated":true}]}}